{"id":8888,"date":"2025-01-15T16:03:51","date_gmt":"2025-01-15T20:03:51","guid":{"rendered":"https:\/\/www.healthpromed.org\/?page_id=8888"},"modified":"2025-01-16T09:18:10","modified_gmt":"2025-01-16T13:18:10","slug":"terms-conditions","status":"publish","type":"page","link":"https:\/\/www.healthpromed.org\/en\/terms-conditions\/","title":{"rendered":"Terms &#038; Conditions"},"content":{"rendered":"<p>[et_pb_section fb_built=\u00bb1&#8243; _builder_version=\u00bb4.27.4&#8243; _module_preset=\u00bbdefault\u00bb global_colors_info=\u00bb{}\u00bb][et_pb_row _builder_version=\u00bb4.27.4&#8243; _module_preset=\u00bbdefault\u00bb custom_padding=\u00bb26px|||||\u00bb global_colors_info=\u00bb{}\u00bb][et_pb_column type=\u00bb4_4&#8243; _builder_version=\u00bb4.27.4&#8243; _module_preset=\u00bbdefault\u00bb global_colors_info=\u00bb{}\u00bb][et_pb_text _builder_version=\u00bb4.27.4&#8243; _module_preset=\u00bbdefault\u00bb global_colors_info=\u00bb{}\u00bb]<\/p>\n<p>\u00a0 T\u00e9rminos y Condiciones para el Uso de Servicio de Mensaje de Textos (SMS)<\/p>\n<p>Estos t\u00e9rminos y condiciones regulan el uso de los servicios de mensajer\u00eda de textos (SMS) proporcionados por HPM Foundation, Inc. como m\u00e9todo de comunicaci\u00f3n con sus pacientes.<\/p>\n<p>Al aceptar recibir SMS de nuestra parte, usted reconoce que ha le\u00eddo, entendido y aceptado estos t\u00e9rminos y condiciones.<\/p>\n<p><strong>1. Prop\u00f3sito de los SMS<\/strong><br \/>Los mensajes SMS se enviar\u00e1n para los siguientes fines:<br \/>&#8211; Recordatorios de citas m\u00e9dicas.<br \/>&#8211; Notificaciones sobre resultados de ex\u00e1menes o pruebas.<br \/>&#8211; Informaci\u00f3n relacionada con su cuidado o tratamiento.<br \/>&#8211; Comunicaciones administrativas, como cambios en horarios o disponibilidad de servicios.<\/p>\n<p><strong>2. Consentimiento<\/strong><br \/>Al proporcionar su n\u00famero de tel\u00e9fono, usted:<br \/>&#8211; Autoriza a HPM Foundation, Inc. a enviarle mensajes SMS.<br \/>&#8211; Declara que el n\u00famero proporcionado est\u00e1 bajo su control y es v\u00e1lido para recibir mensajes.<\/p>\n<p><strong>3. Costos de los Mensajes<\/strong><br \/>HPM Foundation, Inc. no cobra por el env\u00edo de mensajes SMS. Sin embargo, su proveedor<br \/>de servicios de telecomunicaciones puede aplicar cargos por recibir mensajes de texto, de<br \/>acuerdo con su plan de datos o contrato.<\/p>\n<p><strong>4. Confidencialidad<\/strong><br \/>Hacemos todos los esfuerzos razonables para garantizar que la informaci\u00f3n enviada por<br \/>SMS sea segura y confidencial. Sin embargo, debido a la naturaleza del medio, no<br \/>podemos garantizar completamente la privacidad de los mensajes SMS. Por ello, la<br \/>informaci\u00f3n sensible se limitar\u00e1 en estos mensajes.<\/p>\n<p><strong>5. Responsabilidad del Usuario<\/strong><br \/>Usted es responsable de:<br \/>&#8211; Asegurarse de que el n\u00famero de tel\u00e9fono proporcionado est\u00e1 actualizado.<br \/>&#8211; Notificar a HPM Foundation, Inc. sobre cualquier cambio en su n\u00famero de tel\u00e9fono o si ya no desea recibir mensajes SMS.<\/p>\n<p><strong>6. Exclusi\u00f3n de Responsabilidad<\/strong><br \/>HPM Foundation, Inc. no ser\u00e1 responsable por:<br \/>&#8211; Retrasos o fallos en la entrega de los mensajes SMS debido a fallos t\u00e9cnicos,<br \/>problemas de red o cualquier circunstancia fuera de nuestro control.<br \/>&#8211; Acceso no autorizado a los mensajes SMS una vez que han sido entregados a su dispositivo.<\/p>\n<p><strong>7. Cancelaci\u00f3n del Servicio<\/strong><br \/>Usted puede optar por dejar de recibir mensajes SMS en cualquier momento enviando la<br \/>palabra \u201cBAJA\u201d al n\u00famero desde el que recibi\u00f3 los mensajes o contact\u00e1ndonos directamente.<\/p>\n<p><strong>8. Modificaciones a los T\u00e9rminos y Condiciones<\/strong><br \/>HPM Foundation, Inc. se reserva el derecho de modificar estos t\u00e9rminos y condiciones en<br \/>cualquier momento. Las actualizaciones se comunicar\u00e1n a trav\u00e9s de nuestro sitio web o mediante notificaci\u00f3n directa.<\/p>\n<p style=\"text-align: left;\"><strong>9. Contacto<\/strong><br \/>Si tiene preguntas o inquietudes sobre estos t\u00e9rminos y condiciones, puede comunicarse con nosotros a trav\u00e9s de:<br \/>&#8211; Tel\u00e9fono: 787-488-4171<br \/>&#8211; Correo electr\u00f3nico: info@healthpromed.org<br \/>Aceptaci\u00f3n de los T\u00e9rminos<br \/>Al continuar utilizando nuestros servicios de SMS, usted confirma que acepta estos t\u00e9rminos y condiciones en su totalidad<\/p>\n<p>[\/et_pb_text][\/et_pb_column][\/et_pb_row][\/et_pb_section]<\/p>\n","protected":false},"excerpt":{"rendered":"<p>\u00a0 T\u00e9rminos y Condiciones para el Uso de Servicio de Mensaje de Textos (SMS) Estos t\u00e9rminos y condiciones regulan el uso de los servicios de mensajer\u00eda de textos (SMS) proporcionados por HPM Foundation, Inc. como m\u00e9todo de comunicaci\u00f3n con sus pacientes. Al aceptar recibir SMS de nuestra parte, usted reconoce que ha le\u00eddo, entendido y [&hellip;]<\/p>\n","protected":false},"author":13,"featured_media":0,"parent":0,"menu_order":0,"comment_status":"closed","ping_status":"closed","template":"","meta":{"_et_pb_use_builder":"on","_et_pb_old_content":"","_et_gb_content_width":"","footnotes":""},"class_list":["post-8888","page","type-page","status-publish","hentry"],"yoast_head":"<!-- This site is optimized with the Yoast SEO plugin v27.4 - https:\/\/yoast.com\/product\/yoast-seo-wordpress\/ -->\n<title>Terms &amp; Conditions - HealthproMed<\/title>\n<meta name=\"robots\" content=\"index, follow, max-snippet:-1, max-image-preview:large, max-video-preview:-1\" \/>\n<link rel=\"canonical\" href=\"https:\/\/www.healthpromed.org\/en\/terms-conditions\/\" \/>\n<meta property=\"og:locale\" content=\"en_US\" \/>\n<meta property=\"og:type\" content=\"article\" \/>\n<meta property=\"og:title\" content=\"Terms &amp; Conditions - HealthproMed\" \/>\n<meta property=\"og:description\" content=\"\u00a0 T\u00e9rminos y Condiciones para el Uso de Servicio de Mensaje de Textos (SMS) Estos t\u00e9rminos y condiciones regulan el uso de los servicios de mensajer\u00eda de textos (SMS) proporcionados por HPM Foundation, Inc. como m\u00e9todo de comunicaci\u00f3n con sus pacientes. Al aceptar recibir SMS de nuestra parte, usted reconoce que ha le\u00eddo, entendido y [&hellip;]\" \/>\n<meta property=\"og:url\" content=\"https:\/\/www.healthpromed.org\/en\/terms-conditions\/\" \/>\n<meta property=\"og:site_name\" content=\"HealthproMed\" \/>\n<meta property=\"article:publisher\" content=\"https:\/\/www.facebook.com\/HealthproMed\/\" \/>\n<meta property=\"article:modified_time\" content=\"2025-01-16T13:18:10+00:00\" \/>\n<meta name=\"twitter:card\" content=\"summary_large_image\" \/>\n<meta name=\"twitter:label1\" content=\"Est. reading time\" \/>\n\t<meta name=\"twitter:data1\" content=\"3 minutes\" \/>\n<script type=\"application\/ld+json\" class=\"yoast-schema-graph\">{\"@context\":\"https:\\\/\\\/schema.org\",\"@graph\":[{\"@type\":\"WebPage\",\"@id\":\"https:\\\/\\\/www.healthpromed.org\\\/terms-conditions\\\/\",\"url\":\"https:\\\/\\\/www.healthpromed.org\\\/terms-conditions\\\/\",\"name\":\"Terms & Conditions - HealthproMed\",\"isPartOf\":{\"@id\":\"https:\\\/\\\/www.healthpromed.org\\\/#website\"},\"datePublished\":\"2025-01-15T20:03:51+00:00\",\"dateModified\":\"2025-01-16T13:18:10+00:00\",\"breadcrumb\":{\"@id\":\"https:\\\/\\\/www.healthpromed.org\\\/terms-conditions\\\/#breadcrumb\"},\"inLanguage\":\"en-US\",\"potentialAction\":[{\"@type\":\"ReadAction\",\"target\":[\"https:\\\/\\\/www.healthpromed.org\\\/terms-conditions\\\/\"]}]},{\"@type\":\"BreadcrumbList\",\"@id\":\"https:\\\/\\\/www.healthpromed.org\\\/terms-conditions\\\/#breadcrumb\",\"itemListElement\":[{\"@type\":\"ListItem\",\"position\":1,\"name\":\"Home\",\"item\":\"https:\\\/\\\/www.healthpromed.org\\\/\"},{\"@type\":\"ListItem\",\"position\":2,\"name\":\"Terms &#038; Conditions\"}]},{\"@type\":\"WebSite\",\"@id\":\"https:\\\/\\\/www.healthpromed.org\\\/#website\",\"url\":\"https:\\\/\\\/www.healthpromed.org\\\/\",\"name\":\"HealthproMed\",\"description\":\"Aqu\u00ed Sabemos Cuidarte\",\"publisher\":{\"@id\":\"https:\\\/\\\/www.healthpromed.org\\\/#organization\"},\"potentialAction\":[{\"@type\":\"SearchAction\",\"target\":{\"@type\":\"EntryPoint\",\"urlTemplate\":\"https:\\\/\\\/www.healthpromed.org\\\/?s={search_term_string}\"},\"query-input\":{\"@type\":\"PropertyValueSpecification\",\"valueRequired\":true,\"valueName\":\"search_term_string\"}}],\"inLanguage\":\"en-US\"},{\"@type\":\"Organization\",\"@id\":\"https:\\\/\\\/www.healthpromed.org\\\/#organization\",\"name\":\"HealthproMed\",\"url\":\"https:\\\/\\\/www.healthpromed.org\\\/\",\"logo\":{\"@type\":\"ImageObject\",\"inLanguage\":\"en-US\",\"@id\":\"https:\\\/\\\/www.healthpromed.org\\\/#\\\/schema\\\/logo\\\/image\\\/\",\"url\":\"https:\\\/\\\/www.healthpromed.org\\\/wp-content\\\/uploads\\\/2020\\\/12\\\/Logo-HealthProMed-HQ.png\",\"contentUrl\":\"https:\\\/\\\/www.healthpromed.org\\\/wp-content\\\/uploads\\\/2020\\\/12\\\/Logo-HealthProMed-HQ.png\",\"width\":1952,\"height\":1565,\"caption\":\"HealthproMed\"},\"image\":{\"@id\":\"https:\\\/\\\/www.healthpromed.org\\\/#\\\/schema\\\/logo\\\/image\\\/\"},\"sameAs\":[\"https:\\\/\\\/www.facebook.com\\\/HealthproMed\\\/\",\"https:\\\/\\\/www.instagram.com\\\/healthpromed\\\/\",\"https:\\\/\\\/www.youtube.com\\\/user\\\/HEALTHPROMED\"]}]}<\/script>\n<!-- \/ Yoast SEO plugin. -->","yoast_head_json":{"title":"Terms & Conditions - HealthproMed","robots":{"index":"index","follow":"follow","max-snippet":"max-snippet:-1","max-image-preview":"max-image-preview:large","max-video-preview":"max-video-preview:-1"},"canonical":"https:\/\/www.healthpromed.org\/en\/terms-conditions\/","og_locale":"en_US","og_type":"article","og_title":"Terms & Conditions - HealthproMed","og_description":"\u00a0 T\u00e9rminos y Condiciones para el Uso de Servicio de Mensaje de Textos (SMS) Estos t\u00e9rminos y condiciones regulan el uso de los servicios de mensajer\u00eda de textos (SMS) proporcionados por HPM Foundation, Inc. como m\u00e9todo de comunicaci\u00f3n con sus pacientes. Al aceptar recibir SMS de nuestra parte, usted reconoce que ha le\u00eddo, entendido y [&hellip;]","og_url":"https:\/\/www.healthpromed.org\/en\/terms-conditions\/","og_site_name":"HealthproMed","article_publisher":"https:\/\/www.facebook.com\/HealthproMed\/","article_modified_time":"2025-01-16T13:18:10+00:00","twitter_card":"summary_large_image","twitter_misc":{"Est. reading time":"3 minutes"},"schema":{"@context":"https:\/\/schema.org","@graph":[{"@type":"WebPage","@id":"https:\/\/www.healthpromed.org\/terms-conditions\/","url":"https:\/\/www.healthpromed.org\/terms-conditions\/","name":"Terms & Conditions - HealthproMed","isPartOf":{"@id":"https:\/\/www.healthpromed.org\/#website"},"datePublished":"2025-01-15T20:03:51+00:00","dateModified":"2025-01-16T13:18:10+00:00","breadcrumb":{"@id":"https:\/\/www.healthpromed.org\/terms-conditions\/#breadcrumb"},"inLanguage":"en-US","potentialAction":[{"@type":"ReadAction","target":["https:\/\/www.healthpromed.org\/terms-conditions\/"]}]},{"@type":"BreadcrumbList","@id":"https:\/\/www.healthpromed.org\/terms-conditions\/#breadcrumb","itemListElement":[{"@type":"ListItem","position":1,"name":"Home","item":"https:\/\/www.healthpromed.org\/"},{"@type":"ListItem","position":2,"name":"Terms &#038; Conditions"}]},{"@type":"WebSite","@id":"https:\/\/www.healthpromed.org\/#website","url":"https:\/\/www.healthpromed.org\/","name":"HealthproMed","description":"Aqu\u00ed Sabemos Cuidarte","publisher":{"@id":"https:\/\/www.healthpromed.org\/#organization"},"potentialAction":[{"@type":"SearchAction","target":{"@type":"EntryPoint","urlTemplate":"https:\/\/www.healthpromed.org\/?s={search_term_string}"},"query-input":{"@type":"PropertyValueSpecification","valueRequired":true,"valueName":"search_term_string"}}],"inLanguage":"en-US"},{"@type":"Organization","@id":"https:\/\/www.healthpromed.org\/#organization","name":"HealthproMed","url":"https:\/\/www.healthpromed.org\/","logo":{"@type":"ImageObject","inLanguage":"en-US","@id":"https:\/\/www.healthpromed.org\/#\/schema\/logo\/image\/","url":"https:\/\/www.healthpromed.org\/wp-content\/uploads\/2020\/12\/Logo-HealthProMed-HQ.png","contentUrl":"https:\/\/www.healthpromed.org\/wp-content\/uploads\/2020\/12\/Logo-HealthProMed-HQ.png","width":1952,"height":1565,"caption":"HealthproMed"},"image":{"@id":"https:\/\/www.healthpromed.org\/#\/schema\/logo\/image\/"},"sameAs":["https:\/\/www.facebook.com\/HealthproMed\/","https:\/\/www.instagram.com\/healthpromed\/","https:\/\/www.youtube.com\/user\/HEALTHPROMED"]}]}},"_links":{"self":[{"href":"https:\/\/www.healthpromed.org\/en\/wp-json\/wp\/v2\/pages\/8888","targetHints":{"allow":["GET"]}}],"collection":[{"href":"https:\/\/www.healthpromed.org\/en\/wp-json\/wp\/v2\/pages"}],"about":[{"href":"https:\/\/www.healthpromed.org\/en\/wp-json\/wp\/v2\/types\/page"}],"author":[{"embeddable":true,"href":"https:\/\/www.healthpromed.org\/en\/wp-json\/wp\/v2\/users\/13"}],"replies":[{"embeddable":true,"href":"https:\/\/www.healthpromed.org\/en\/wp-json\/wp\/v2\/comments?post=8888"}],"version-history":[{"count":4,"href":"https:\/\/www.healthpromed.org\/en\/wp-json\/wp\/v2\/pages\/8888\/revisions"}],"predecessor-version":[{"id":8902,"href":"https:\/\/www.healthpromed.org\/en\/wp-json\/wp\/v2\/pages\/8888\/revisions\/8902"}],"wp:attachment":[{"href":"https:\/\/www.healthpromed.org\/en\/wp-json\/wp\/v2\/media?parent=8888"}],"curies":[{"name":"wp","href":"https:\/\/api.w.org\/{rel}","templated":true}]}}