{"id":8805,"date":"2024-07-23T14:17:07","date_gmt":"2024-07-23T18:17:07","guid":{"rendered":"https:\/\/www.healthpromed.org\/?page_id=8805"},"modified":"2024-07-23T14:17:07","modified_gmt":"2024-07-23T18:17:07","slug":"programa-de-salud-vita","status":"publish","type":"page","link":"https:\/\/www.healthpromed.org\/en\/programa-de-salud-vita\/","title":{"rendered":"Vita Health Program"},"content":{"rendered":"<p>[et_pb_section fb_built=\u00bb1&#8243; _builder_version=\u00bb4.16&#8243; _module_preset=\u00bbdefault\u00bb custom_padding=\u00bb||46px|||\u00bb global_colors_info=\u00bb{}\u00bb text_font_size_phone=\u00bb12px\u00bb text_font_size_last_edited=\u00bbon|phone\u00bb header_font_size_phone=\u00bb21px\u00bb header_font_size_last_edited=\u00bbon|phone\u00bb theme_builder_area=\u00bbpost_content\u00bb][et_pb_row module_id=\u00bbprogramas\u00bb _builder_version=\u00bb4.16&#8243; _module_preset=\u00bbdefault\u00bb global_colors_info=\u00bb{}\u00bb theme_builder_area=\u00bbpost_content\u00bb][et_pb_column type=\u00bb4_4&#8243; _builder_version=\u00bb4.16&#8243; _module_preset=\u00bbdefault\u00bb global_colors_info=\u00bb{}\u00bb theme_builder_area=\u00bbpost_content\u00bb][et_pb_text _builder_version=\u00bb4.16&#8243; _module_preset=\u00bbdefault\u00bb header_font=\u00bb|700||on|||||\u00bb header_text_color=\u00bb#017087&#8243; header_font_size=\u00bb40px\u00bb custom_margin=\u00bb||9px|||\u00bb header_font_size_tablet=\u00bb\u00bb header_font_size_phone=\u00bb30px\u00bb header_font_size_last_edited=\u00bbon|phone\u00bb global_colors_info=\u00bb{}\u00bb theme_builder_area=\u00bbpost_content\u00bb]<\/p>\n<h1>Programas<\/h1>\n<p>[\/et_pb_text][et_pb_text _builder_version=\u00bb4.27.0&#8243; _module_preset=\u00bbdefault\u00bb header_text_color=\u00bb#fa5105&#8243; hover_enabled=\u00bb0&#8243; text_font_size_tablet=\u00bb\u00bb text_font_size_phone=\u00bb12px\u00bb text_font_size_last_edited=\u00bbon|phone\u00bb header_font_size_tablet=\u00bb\u00bb header_font_size_phone=\u00bb21px\u00bb header_font_size_last_edited=\u00bbon|phone\u00bb global_colors_info=\u00bb{}\u00bb theme_builder_area=\u00bbpost_content\u00bb sticky_enabled=\u00bb0&#8243;]<\/p>\n<h1><b>Programa de Salud VITA<\/b><\/h1>\n<div><span>\u00a0 \u00a0 El Programa Salud VITA est\u00e1 dirigido a promover el uso de medicamentos de profilaxis pre exposici\u00f3n, conocido como PrEP, como una estrategia de prevenci\u00f3n para evitar el contagio de VIH (virus de la inmunodeficiencia humana), en conjunto con otras pr\u00e1cticas de seguridad.\u00a0 PrEP es un medicamento que utilizan las personas que tienen mayor exposici\u00f3n al VIH. PrEP ayuda a prevenir la transmisi\u00f3n del VIH a trav\u00e9s de relaciones sexuales o del uso de drogas inyectables. Cuando se toma seg\u00fan las indicaciones y de manera continua, PrEP es altamente eficaz para prevenir la infecci\u00f3n por el VIH (&gt; 90%).<\/span><\/div>\n<div><span><\/span><\/div>\n<div><span>\u00a0 \u00a0 \u00a0<\/span><\/div>\n<div><span>\u00a0 \u00a0 El VIH es un virus que ataca el sistema inmunitario del cuerpo, y si no se trata, puede causar SIDA (s\u00edndrome de inmunodeficiencia adquirida) lo que compromete seriamente la salud de quien la padece. En HealthproMed (HPM) estamos comprometidos con la prevenci\u00f3n, detecci\u00f3n y tratamiento del VIH.\u00a0 El Programa VITA ofrece recursos para la prevenci\u00f3n, detecci\u00f3n y estrategias para tomar el control de tu salud si tu estilo de vida te expone a riesgo de contagio. Nuestra Meta principal es mejorar la calidad de vida de las personas que viven con diagn\u00f3stico positivo de VIH, ofreciendo servicios de salud centrados en el bienestar del paciente. Son elegibles para el programa personas con diagnostico positivo de VIH y o personas que interesen servicios de prevenci\u00f3n.\u00a0<\/span><span> \u00a0<\/span><\/div>\n<p>[\/et_pb_text][et_pb_text _builder_version=\u00bb4.27.0&#8243; _module_preset=\u00bbdefault\u00bb header_text_color=\u00bb#fa5105&#8243; hover_enabled=\u00bb0&#8243; text_font_size_tablet=\u00bb\u00bb text_font_size_phone=\u00bb12px\u00bb text_font_size_last_edited=\u00bbon|phone\u00bb header_font_size_tablet=\u00bb\u00bb header_font_size_phone=\u00bb21px\u00bb header_font_size_last_edited=\u00bbon|phone\u00bb global_colors_info=\u00bb{}\u00bb theme_builder_area=\u00bbpost_content\u00bb sticky_enabled=\u00bb0&#8243;]<\/p>\n<p><span>\u00a0 \u00a0 Las facilidades y servicios del Programa Salud VITA est\u00e1n integrados a la unidad general de medicina primaria de HPM, por lo que los pacientes con VIH y sus familias no son identificados. Esta integraci\u00f3n resulta en una experiencia positiva en la que los pacientes pueden buscar atenci\u00f3n m\u00e9dica sin temor al estigma, se protege su informaci\u00f3n de salud y se fomenta la atenci\u00f3n individualizada basado en las necesidades particulares de cada paciente. VITA es la palabra en idioma lat\u00edn que significa vida. Es un nombre discreto y atractivo que lleva un mensaje de esperanza para las personas que viven con VIH y facilita la comunicaci\u00f3n centrada en el paciente.\u00a0<\/span><\/p>\n<p><span><\/span><\/p>\n<p style=\"text-align: center;\"><strong>VITA cuenta con una variedad de servicios, que incluyen:<\/strong><\/p>\n<div><\/div>\n<p>[\/et_pb_text][\/et_pb_column][\/et_pb_row][et_pb_row module_id=\u00bbprogramas\u00bb _builder_version=\u00bb4.16&#8243; _module_preset=\u00bbdefault\u00bb global_colors_info=\u00bb{}\u00bb column_structure=\u00bb1_2,1_2&#8243; theme_builder_area=\u00bbpost_content\u00bb][et_pb_column type=\u00bb1_2&#8243; _builder_version=\u00bb4.16&#8243; _module_preset=\u00bbdefault\u00bb global_colors_info=\u00bb{}\u00bb theme_builder_area=\u00bbpost_content\u00bb][et_pb_text _builder_version=\u00bb4.27.0&#8243; _module_preset=\u00bbdefault\u00bb header_text_color=\u00bb#fa5105&#8243; hover_enabled=\u00bb0&#8243; text_font_size_tablet=\u00bb\u00bb text_font_size_phone=\u00bb12px\u00bb text_font_size_last_edited=\u00bbon|phone\u00bb header_font_size_tablet=\u00bb\u00bb header_font_size_phone=\u00bb21px\u00bb header_font_size_last_edited=\u00bbon|phone\u00bb global_colors_info=\u00bb{}\u00bb theme_builder_area=\u00bbpost_content\u00bb sticky_enabled=\u00bb0&#8243;]<\/p>\n<ul>\n<li>\n<div>Medicina primaria y tratamiento para VIH<\/div>\n<\/li>\n<li>\n<div>Tratamiento preventivo PrEP<\/div>\n<\/li>\n<li>\n<div>Laboratorio cl\u00ednico<\/div>\n<\/li>\n<li>\n<div>Pruebas r\u00e1pidas de VIH y Pruebas confirmatorias<\/div>\n<\/li>\n<li>\n<div>Medicamentos disponibles en Farmacia de HPM<\/div>\n<\/li>\n<li>\n<div>Apoyo para adherencia a tratamiento<\/div>\n<\/li>\n<li>\n<div>Evaluaci\u00f3n nutricional<\/div>\n<\/li>\n<li>\n<div>Educaci\u00f3n a pacientes y sus familiares<\/div>\n<\/li>\n<li>\n<div>Transportaci\u00f3n de pacientes<\/div>\n<\/li>\n<li>\n<div>Grupo de apoyo<\/div>\n<\/li>\n<li>Actividades comunitarias<\/li>\n<\/ul>\n<p>[\/et_pb_text][\/et_pb_column][et_pb_column type=\u00bb1_2&#8243; _builder_version=\u00bb4.16&#8243; _module_preset=\u00bbdefault\u00bb global_colors_info=\u00bb{}\u00bb theme_builder_area=\u00bbpost_content\u00bb][et_pb_text _builder_version=\u00bb4.27.0&#8243; _module_preset=\u00bbdefault\u00bb header_text_color=\u00bb#fa5105&#8243; hover_enabled=\u00bb0&#8243; text_font_size_tablet=\u00bb\u00bb text_font_size_phone=\u00bb12px\u00bb text_font_size_last_edited=\u00bbon|phone\u00bb header_font_size_tablet=\u00bb\u00bb header_font_size_phone=\u00bb21px\u00bb header_font_size_last_edited=\u00bbon|phone\u00bb global_colors_info=\u00bb{}\u00bb theme_builder_area=\u00bbpost_content\u00bb sticky_enabled=\u00bb0&#8243;]<\/p>\n<ul>\n<li>\n<div>Personal de alcance comunitario<\/div>\n<\/li>\n<li>\n<div>Consejer\u00eda Psicol\u00f3gica<\/div>\n<\/li>\n<li>\n<div>Orientaci\u00f3n preventiva<\/div>\n<\/li>\n<li>\n<div>Servicios Radiol\u00f3gicos<\/div>\n<\/li>\n<li>\n<div>Optometr\u00eda<\/div>\n<\/li>\n<li>\n<div>Vacunaci\u00f3n<\/div>\n<\/li>\n<li>\n<div>Dental<\/div>\n<\/li>\n<li>\n<div>Entrega de Medicamentos en el Hogar<\/div>\n<\/li>\n<li>\n<div>Literatura y gu\u00edas de cuidado<\/div>\n<\/li>\n<li>\n<div>Kits de prevenci\u00f3n con condones masculinos, condones internos, lubricantes<\/div>\n<\/li>\n<li>\n<div>Otros servicios esenciales de salud primaria preventiva<\/div>\n<\/li>\n<\/ul>\n<p>[\/et_pb_text][\/et_pb_column][\/et_pb_row][\/et_pb_section][et_pb_section fb_built=\u00bb1&#8243; _builder_version=\u00bb4.7.7&#8243; _module_preset=\u00bbdefault\u00bb custom_padding=\u00bb15px||15px||true|false\u00bb top_divider_style=\u00bbasymmetric4&#8243; top_divider_color=\u00bb#017087&#8243; top_divider_height=\u00bb20px\u00bb bottom_divider_style=\u00bbasymmetric4&#8243; bottom_divider_color=\u00bb#017087&#8243; bottom_divider_height=\u00bb20px\u00bb bottom_divider_flip=\u00bbvertical\u00bb border_width_top=\u00bb5px\u00bb border_color_top=\u00bb#017087&#8243; border_width_bottom=\u00bb5px\u00bb border_color_bottom=\u00bb#017087&#8243; global_module=\u00bb7783&#8243; saved_tabs=\u00bball\u00bb global_colors_info=\u00bb{}\u00bb theme_builder_area=\u00bbpost_content\u00bb][et_pb_row column_structure=\u00bb1_4,1_4,1_2&#8243; _builder_version=\u00bb4.16&#8243; _module_preset=\u00bbdefault\u00bb custom_margin=\u00bb20px||20px||true|false\u00bb custom_padding=\u00bb9px||18px|||\u00bb global_colors_info=\u00bb{}\u00bb theme_builder_area=\u00bbpost_content\u00bb][et_pb_column type=\u00bb1_4&#8243; _builder_version=\u00bb4.16&#8243; _module_preset=\u00bbdefault\u00bb global_colors_info=\u00bb{}\u00bb theme_builder_area=\u00bbpost_content\u00bb][et_pb_text _builder_version=\u00bb4.16&#8243; _module_preset=\u00bbdefault\u00bb header_font=\u00bb|700||on|||||\u00bb global_colors_info=\u00bb{}\u00bb theme_builder_area=\u00bbpost_content\u00bb]<\/p>\n<h1>Tel\u00e9fonos<\/h1>\n<p>[\/et_pb_text][et_pb_text _builder_version=\u00bb4.16&#8243; _module_preset=\u00bbdefault\u00bb header_text_color=\u00bb#fa5105&#8243; global_colors_info=\u00bb{}\u00bb theme_builder_area=\u00bbpost_content\u00bb]<\/p>\n<h1>San Juan<\/h1>\n<p><strong>Tel\u00e9fono:<\/strong> (787) 268-4171<\/p>\n<p>[\/et_pb_text][et_pb_text _builder_version=\u00bb4.16&#8243; _module_preset=\u00bbdefault\u00bb header_text_color=\u00bb#fa5105&#8243; global_colors_info=\u00bb{}\u00bb theme_builder_area=\u00bbpost_content\u00bb]<\/p>\n<h1>Carolina<\/h1>\n<p><strong><\/strong><strong>Tel\u00e9fono:<\/strong> (787) 268-4147<\/p>\n<p>[\/et_pb_text][et_pb_text _builder_version=\u00bb4.25.1&#8243; _module_preset=\u00bbdefault\u00bb header_text_color=\u00bb#fa5105&#8243; global_colors_info=\u00bb{}\u00bb theme_builder_area=\u00bbpost_content\u00bb]<\/p>\n<h1>Caparra\u00a0<\/h1>\n<p><strong><\/strong><strong>Tel\u00e9fono:<\/strong> (787) 705-6771<\/p>\n<p>[\/et_pb_text][\/et_pb_column][et_pb_column type=\u00bb1_4&#8243; _builder_version=\u00bb4.16&#8243; _module_preset=\u00bbdefault\u00bb global_colors_info=\u00bb{}\u00bb theme_builder_area=\u00bbpost_content\u00bb][et_pb_text _builder_version=\u00bb4.16&#8243; _module_preset=\u00bbdefault\u00bb header_text_color=\u00bb#fa5105&#8243; global_colors_info=\u00bb{}\u00bb theme_builder_area=\u00bbpost_content\u00bb]<\/p>\n<h1>Guaynabo \/ Cata\u00f1o<\/h1>\n<p><strong><\/strong><strong>Tel\u00e9fono:<\/strong> (787) 773-1133<\/p>\n<p>[\/et_pb_text][et_pb_text _builder_version=\u00bb4.16&#8243; _module_preset=\u00bbdefault\u00bb header_text_color=\u00bb#fa5105&#8243; global_colors_info=\u00bb{}\u00bb theme_builder_area=\u00bbpost_content\u00bb]<\/p>\n<h1>Vieques<\/h1>\n<p><strong><\/strong><strong>Tel\u00e9fono:<\/strong> (787) 468-2000<\/p>\n<p>[\/et_pb_text][et_pb_text _builder_version=\u00bb4.16&#8243; _module_preset=\u00bbdefault\u00bb header_text_color=\u00bb#fa5105&#8243; global_colors_info=\u00bb{}\u00bb theme_builder_area=\u00bbpost_content\u00bb]<\/p>\n<h1>Culebra<\/h1>\n<p><strong><\/strong><strong>Tel\u00e9fono:<\/strong> (787) 468-2966<\/p>\n<p>[\/et_pb_text][\/et_pb_column][et_pb_column type=\u00bb1_2&#8243; _builder_version=\u00bb4.16&#8243; _module_preset=\u00bbdefault\u00bb global_colors_info=\u00bb{}\u00bb theme_builder_area=\u00bbpost_content\u00bb][et_pb_text _builder_version=\u00bb4.16&#8243; _module_preset=\u00bbdefault\u00bb header_font=\u00bb|700|||||||\u00bb header_text_align_tablet=\u00bbcenter\u00bb header_text_align_phone=\u00bb\u00bb header_text_align_last_edited=\u00bbon|tablet\u00bb text_orientation_tablet=\u00bbcenter\u00bb text_orientation_phone=\u00bb\u00bb text_orientation_last_edited=\u00bbon|tablet\u00bb global_colors_info=\u00bb{}\u00bb theme_builder_area=\u00bbpost_content\u00bb]<\/p>\n<h1>Centro de Llamadas<\/h1>\n<p><strong>Diurno<\/strong> (7:30 am a 5:00 pm): (787) 488-4171<\/p>\n<p><strong>Fuera de Horas Laborables (6 pm a 6 am):<br \/><\/strong>(787) 495-0021 |<strong> TTY (Audio Impedidos):<\/strong> (787) 589-4115<\/p>\n<p><strong>Personas con Impedimento Auditivo<\/strong> (7 am a 5 pm): (939) 845-8488<strong><\/strong><strong><\/strong><\/p>\n<p>[\/et_pb_text][\/et_pb_column][\/et_pb_row][et_pb_row _builder_version=\u00bb4.16&#8243; _module_preset=\u00bbdefault\u00bb global_colors_info=\u00bb{}\u00bb theme_builder_area=\u00bbpost_content\u00bb][et_pb_column type=\u00bb4_4&#8243; _builder_version=\u00bb4.16&#8243; _module_preset=\u00bbdefault\u00bb global_colors_info=\u00bb{}\u00bb theme_builder_area=\u00bbpost_content\u00bb][et_pb_text _builder_version=\u00bb4.16&#8243; _module_preset=\u00bbdefault\u00bb header_font=\u00bb|600|||||||\u00bb header_text_align=\u00bbcenter\u00bb header_text_color=\u00bb#E02B20&#8243; header_font_size=\u00bb19px\u00bb global_colors_info=\u00bb{}\u00bb theme_builder_area=\u00bbpost_content\u00bb]<\/p>\n<h1>Si usted tiene alguna emergencia favor de visitar una sala de emergencia o llame al 9-1-1. <span lang=\"EN-US\">If you need medical service, please visit the nearest Emergency Room or call 9-1-1.<\/span><\/h1>\n<p>[\/et_pb_text][\/et_pb_column][\/et_pb_row][\/et_pb_section]<\/p>\n","protected":false},"excerpt":{"rendered":"<p>ProgramasPrograma de Salud VITA \u00a0 \u00a0 El Programa Salud VITA est\u00e1 dirigido a promover el uso de medicamentos de profilaxis pre exposici\u00f3n, conocido como PrEP, como una estrategia de prevenci\u00f3n para evitar el contagio de VIH (virus de la inmunodeficiencia humana), en conjunto con otras pr\u00e1cticas de seguridad.\u00a0 PrEP es un medicamento que utilizan las [&hellip;]<\/p>\n","protected":false},"author":7,"featured_media":0,"parent":0,"menu_order":0,"comment_status":"closed","ping_status":"closed","template":"","meta":{"_et_pb_use_builder":"on","_et_pb_old_content":"","_et_gb_content_width":"","footnotes":""},"class_list":["post-8805","page","type-page","status-publish","hentry"],"yoast_head":"<!-- This site is optimized with the Yoast SEO plugin v27.4 - https:\/\/yoast.com\/product\/yoast-seo-wordpress\/ -->\n<title>Programa de Salud VITA - HealthproMed<\/title>\n<meta name=\"robots\" content=\"index, follow, max-snippet:-1, max-image-preview:large, max-video-preview:-1\" \/>\n<link rel=\"canonical\" href=\"https:\/\/www.healthpromed.org\/en\/programa-de-salud-vita\/\" \/>\n<meta property=\"og:locale\" content=\"en_US\" \/>\n<meta property=\"og:type\" content=\"article\" \/>\n<meta property=\"og:title\" content=\"Programa de Salud VITA - HealthproMed\" \/>\n<meta property=\"og:description\" content=\"ProgramasPrograma de Salud VITA \u00a0 \u00a0 El Programa Salud VITA est\u00e1 dirigido a promover el uso de medicamentos de profilaxis pre exposici\u00f3n, conocido como PrEP, como una estrategia de prevenci\u00f3n para evitar el contagio de VIH (virus de la inmunodeficiencia humana), en conjunto con otras pr\u00e1cticas de seguridad.\u00a0 PrEP es un medicamento que utilizan las [&hellip;]\" \/>\n<meta property=\"og:url\" content=\"https:\/\/www.healthpromed.org\/en\/programa-de-salud-vita\/\" \/>\n<meta property=\"og:site_name\" content=\"HealthproMed\" \/>\n<meta property=\"article:publisher\" content=\"https:\/\/www.facebook.com\/HealthproMed\/\" \/>\n<meta name=\"twitter:card\" content=\"summary_large_image\" \/>\n<script type=\"application\/ld+json\" class=\"yoast-schema-graph\">{\"@context\":\"https:\\\/\\\/schema.org\",\"@graph\":[{\"@type\":\"WebPage\",\"@id\":\"https:\\\/\\\/www.healthpromed.org\\\/programa-de-salud-vita\\\/\",\"url\":\"https:\\\/\\\/www.healthpromed.org\\\/programa-de-salud-vita\\\/\",\"name\":\"Programa de Salud VITA - HealthproMed\",\"isPartOf\":{\"@id\":\"https:\\\/\\\/www.healthpromed.org\\\/#website\"},\"datePublished\":\"2024-07-23T18:17:07+00:00\",\"breadcrumb\":{\"@id\":\"https:\\\/\\\/www.healthpromed.org\\\/programa-de-salud-vita\\\/#breadcrumb\"},\"inLanguage\":\"en-US\",\"potentialAction\":[{\"@type\":\"ReadAction\",\"target\":[\"https:\\\/\\\/www.healthpromed.org\\\/programa-de-salud-vita\\\/\"]}]},{\"@type\":\"BreadcrumbList\",\"@id\":\"https:\\\/\\\/www.healthpromed.org\\\/programa-de-salud-vita\\\/#breadcrumb\",\"itemListElement\":[{\"@type\":\"ListItem\",\"position\":1,\"name\":\"Home\",\"item\":\"https:\\\/\\\/www.healthpromed.org\\\/\"},{\"@type\":\"ListItem\",\"position\":2,\"name\":\"Programa de Salud VITA\"}]},{\"@type\":\"WebSite\",\"@id\":\"https:\\\/\\\/www.healthpromed.org\\\/#website\",\"url\":\"https:\\\/\\\/www.healthpromed.org\\\/\",\"name\":\"HealthproMed\",\"description\":\"Aqu\u00ed Sabemos Cuidarte\",\"publisher\":{\"@id\":\"https:\\\/\\\/www.healthpromed.org\\\/#organization\"},\"potentialAction\":[{\"@type\":\"SearchAction\",\"target\":{\"@type\":\"EntryPoint\",\"urlTemplate\":\"https:\\\/\\\/www.healthpromed.org\\\/?s={search_term_string}\"},\"query-input\":{\"@type\":\"PropertyValueSpecification\",\"valueRequired\":true,\"valueName\":\"search_term_string\"}}],\"inLanguage\":\"en-US\"},{\"@type\":\"Organization\",\"@id\":\"https:\\\/\\\/www.healthpromed.org\\\/#organization\",\"name\":\"HealthproMed\",\"url\":\"https:\\\/\\\/www.healthpromed.org\\\/\",\"logo\":{\"@type\":\"ImageObject\",\"inLanguage\":\"en-US\",\"@id\":\"https:\\\/\\\/www.healthpromed.org\\\/#\\\/schema\\\/logo\\\/image\\\/\",\"url\":\"https:\\\/\\\/www.healthpromed.org\\\/wp-content\\\/uploads\\\/2020\\\/12\\\/Logo-HealthProMed-HQ.png\",\"contentUrl\":\"https:\\\/\\\/www.healthpromed.org\\\/wp-content\\\/uploads\\\/2020\\\/12\\\/Logo-HealthProMed-HQ.png\",\"width\":1952,\"height\":1565,\"caption\":\"HealthproMed\"},\"image\":{\"@id\":\"https:\\\/\\\/www.healthpromed.org\\\/#\\\/schema\\\/logo\\\/image\\\/\"},\"sameAs\":[\"https:\\\/\\\/www.facebook.com\\\/HealthproMed\\\/\",\"https:\\\/\\\/www.instagram.com\\\/healthpromed\\\/\",\"https:\\\/\\\/www.youtube.com\\\/user\\\/HEALTHPROMED\"]}]}<\/script>\n<!-- \/ Yoast SEO plugin. -->","yoast_head_json":{"title":"Programa de Salud VITA - HealthproMed","robots":{"index":"index","follow":"follow","max-snippet":"max-snippet:-1","max-image-preview":"max-image-preview:large","max-video-preview":"max-video-preview:-1"},"canonical":"https:\/\/www.healthpromed.org\/en\/programa-de-salud-vita\/","og_locale":"en_US","og_type":"article","og_title":"Programa de Salud VITA - HealthproMed","og_description":"ProgramasPrograma de Salud VITA \u00a0 \u00a0 El Programa Salud VITA est\u00e1 dirigido a promover el uso de medicamentos de profilaxis pre exposici\u00f3n, conocido como PrEP, como una estrategia de prevenci\u00f3n para evitar el contagio de VIH (virus de la inmunodeficiencia humana), en conjunto con otras pr\u00e1cticas de seguridad.\u00a0 PrEP es un medicamento que utilizan las [&hellip;]","og_url":"https:\/\/www.healthpromed.org\/en\/programa-de-salud-vita\/","og_site_name":"HealthproMed","article_publisher":"https:\/\/www.facebook.com\/HealthproMed\/","twitter_card":"summary_large_image","schema":{"@context":"https:\/\/schema.org","@graph":[{"@type":"WebPage","@id":"https:\/\/www.healthpromed.org\/programa-de-salud-vita\/","url":"https:\/\/www.healthpromed.org\/programa-de-salud-vita\/","name":"Programa de Salud VITA - HealthproMed","isPartOf":{"@id":"https:\/\/www.healthpromed.org\/#website"},"datePublished":"2024-07-23T18:17:07+00:00","breadcrumb":{"@id":"https:\/\/www.healthpromed.org\/programa-de-salud-vita\/#breadcrumb"},"inLanguage":"en-US","potentialAction":[{"@type":"ReadAction","target":["https:\/\/www.healthpromed.org\/programa-de-salud-vita\/"]}]},{"@type":"BreadcrumbList","@id":"https:\/\/www.healthpromed.org\/programa-de-salud-vita\/#breadcrumb","itemListElement":[{"@type":"ListItem","position":1,"name":"Home","item":"https:\/\/www.healthpromed.org\/"},{"@type":"ListItem","position":2,"name":"Programa de Salud VITA"}]},{"@type":"WebSite","@id":"https:\/\/www.healthpromed.org\/#website","url":"https:\/\/www.healthpromed.org\/","name":"HealthproMed","description":"Aqu\u00ed Sabemos Cuidarte","publisher":{"@id":"https:\/\/www.healthpromed.org\/#organization"},"potentialAction":[{"@type":"SearchAction","target":{"@type":"EntryPoint","urlTemplate":"https:\/\/www.healthpromed.org\/?s={search_term_string}"},"query-input":{"@type":"PropertyValueSpecification","valueRequired":true,"valueName":"search_term_string"}}],"inLanguage":"en-US"},{"@type":"Organization","@id":"https:\/\/www.healthpromed.org\/#organization","name":"HealthproMed","url":"https:\/\/www.healthpromed.org\/","logo":{"@type":"ImageObject","inLanguage":"en-US","@id":"https:\/\/www.healthpromed.org\/#\/schema\/logo\/image\/","url":"https:\/\/www.healthpromed.org\/wp-content\/uploads\/2020\/12\/Logo-HealthProMed-HQ.png","contentUrl":"https:\/\/www.healthpromed.org\/wp-content\/uploads\/2020\/12\/Logo-HealthProMed-HQ.png","width":1952,"height":1565,"caption":"HealthproMed"},"image":{"@id":"https:\/\/www.healthpromed.org\/#\/schema\/logo\/image\/"},"sameAs":["https:\/\/www.facebook.com\/HealthproMed\/","https:\/\/www.instagram.com\/healthpromed\/","https:\/\/www.youtube.com\/user\/HEALTHPROMED"]}]}},"_links":{"self":[{"href":"https:\/\/www.healthpromed.org\/en\/wp-json\/wp\/v2\/pages\/8805","targetHints":{"allow":["GET"]}}],"collection":[{"href":"https:\/\/www.healthpromed.org\/en\/wp-json\/wp\/v2\/pages"}],"about":[{"href":"https:\/\/www.healthpromed.org\/en\/wp-json\/wp\/v2\/types\/page"}],"author":[{"embeddable":true,"href":"https:\/\/www.healthpromed.org\/en\/wp-json\/wp\/v2\/users\/7"}],"replies":[{"embeddable":true,"href":"https:\/\/www.healthpromed.org\/en\/wp-json\/wp\/v2\/comments?post=8805"}],"version-history":[{"count":2,"href":"https:\/\/www.healthpromed.org\/en\/wp-json\/wp\/v2\/pages\/8805\/revisions"}],"predecessor-version":[{"id":8808,"href":"https:\/\/www.healthpromed.org\/en\/wp-json\/wp\/v2\/pages\/8805\/revisions\/8808"}],"wp:attachment":[{"href":"https:\/\/www.healthpromed.org\/en\/wp-json\/wp\/v2\/media?parent=8805"}],"curies":[{"name":"wp","href":"https:\/\/api.w.org\/{rel}","templated":true}]}}