{"id":8290,"date":"2021-01-22T15:17:04","date_gmt":"2021-01-22T19:17:04","guid":{"rendered":"https:\/\/www.healthpromed.org\/?page_id=8290"},"modified":"2021-01-22T15:21:43","modified_gmt":"2021-01-22T19:21:43","slug":"programa-de-salud-escolar","status":"publish","type":"page","link":"https:\/\/www.healthpromed.org\/en\/programa-de-salud-escolar\/","title":{"rendered":"School Health Program"},"content":{"rendered":"<p>[et_pb_section fb_built=\u00bb1&#8243; _builder_version=\u00bb4.7.7&#8243; _module_preset=\u00bbdefault\u00bb custom_padding=\u00bb||46px|||\u00bb text_font_size_phone=\u00bb12px\u00bb text_font_size_last_edited=\u00bbon|phone\u00bb header_font_size_phone=\u00bb21px\u00bb header_font_size_last_edited=\u00bbon|phone\u00bb][et_pb_row module_id=\u00bbprogramas\u00bb _builder_version=\u00bb4.7.7&#8243; _module_preset=\u00bbdefault\u00bb][et_pb_column type=\u00bb4_4&#8243; _builder_version=\u00bb4.7.7&#8243; _module_preset=\u00bbdefault\u00bb][et_pb_text _builder_version=\u00bb4.7.7&#8243; _module_preset=\u00bbdefault\u00bb header_font=\u00bb|700||on|||||\u00bb header_text_color=\u00bb#017087&#8243; header_font_size=\u00bb40px\u00bb custom_margin=\u00bb||9px|||\u00bb header_font_size_tablet=\u00bb\u00bb header_font_size_phone=\u00bb30px\u00bb header_font_size_last_edited=\u00bbon|phone\u00bb]<\/p>\n<h1>Programas<\/h1>\n<p>[\/et_pb_text][et_pb_text _builder_version=\u00bb4.7.7&#8243; _module_preset=\u00bbdefault\u00bb header_text_color=\u00bb#fa5105&#8243; text_font_size_tablet=\u00bb\u00bb text_font_size_phone=\u00bb12px\u00bb text_font_size_last_edited=\u00bbon|phone\u00bb header_font_size_tablet=\u00bb\u00bb header_font_size_phone=\u00bb21px\u00bb header_font_size_last_edited=\u00bbon|phone\u00bb]<\/p>\n<h1>Programa de Salud Escolar<\/h1>\n<p>El Programa de Salud Escolar brinda servicios a estudiantes entre las edades de 11 a 16 a\u00f1os de las escuelas Especializada Federico Asenjo y Ernesto Ramos Antonini. Ambas ubicadas en Barrio Obrero, Santurce.\u00a0<\/p>\n<p>A trav\u00e9s de los servicios de pediatr\u00eda, enfermer\u00eda, salud conductual, nutrici\u00f3n y educaci\u00f3n en salud se contribuyen a la salud integral de la poblaci\u00f3n estudiantil mediante la promoci\u00f3n y prevenci\u00f3n de la salud.\u00a0<\/p>\n<p>Manteniendo una visi\u00f3n compartida con el personal escolar, se maximiza el rendimiento acad\u00e9mico reduciendo los determinantes sociales de la salud, logrando as\u00ed el \u00e9xito de los estudiantes.\u00a0<\/p>\n<p>Se mantiene un clima escolar saludable y bienestar de la familia y el personal, brindando apoyo en un ambiente seguro, conveniente y accesible.<\/p>\n<p>Como parte de los servicios se ofrecen actividades extracurriculares, tales como: el campamento de verano \u201cMu\u00e9vete con Sabor\u201d.\u00a0 Fomentando en los adolescentes el disfrute de un estilo de vida saludable incrementando la actividad f\u00edsica, h\u00e1bitos alimentarios saludables y emprenderismo. Adem\u00e1s, el Club de Salud fomenta el desarrollo de l\u00edderes donde puedan explorar sus intereses, conectar con sus compa\u00f1eros e inspirar sus pares, familiares y comunidades a practicar un estilo de vida saludable.<\/p>\n<p>[\/et_pb_text][\/et_pb_column][\/et_pb_row][\/et_pb_section][et_pb_section fb_built=\u00bb1&#8243; _builder_version=\u00bb4.7.7&#8243; _module_preset=\u00bbdefault\u00bb custom_padding=\u00bb15px||15px||true|false\u00bb top_divider_style=\u00bbasymmetric4&#8243; top_divider_color=\u00bb#017087&#8243; top_divider_height=\u00bb20px\u00bb bottom_divider_style=\u00bbasymmetric4&#8243; bottom_divider_color=\u00bb#017087&#8243; bottom_divider_height=\u00bb20px\u00bb bottom_divider_flip=\u00bbvertical\u00bb border_width_top=\u00bb5px\u00bb border_color_top=\u00bb#017087&#8243; border_width_bottom=\u00bb5px\u00bb border_color_bottom=\u00bb#017087&#8243; global_module=\u00bb7783&#8243; saved_tabs=\u00bball\u00bb][et_pb_row column_structure=\u00bb1_4,1_4,1_2&#8243; _builder_version=\u00bb4.7.7&#8243; _module_preset=\u00bbdefault\u00bb custom_margin=\u00bb20px||20px||true|false\u00bb custom_padding=\u00bb9px||18px|||\u00bb][et_pb_column type=\u00bb1_4&#8243; _builder_version=\u00bb4.7.7&#8243; _module_preset=\u00bbdefault\u00bb][et_pb_text _builder_version=\u00bb4.7.7&#8243; _module_preset=\u00bbdefault\u00bb header_font=\u00bb|700||on|||||\u00bb]<\/p>\n<h1>Tel\u00e9fonos<\/h1>\n<p>[\/et_pb_text][et_pb_text _builder_version=\u00bb4.7.7&#8243; _module_preset=\u00bbdefault\u00bb header_text_color=\u00bb#fa5105&#8243;]<\/p>\n<h1>San Juan<\/h1>\n<p><strong>Tel\u00e9fono:<\/strong> (787) 488-4171<\/p>\n<p>[\/et_pb_text][et_pb_text _builder_version=\u00bb4.7.7&#8243; _module_preset=\u00bbdefault\u00bb header_text_color=\u00bb#fa5105&#8243;]<\/p>\n<h1>Carolina<\/h1>\n<p><strong><\/strong><strong>Tel\u00e9fono:<\/strong> (787) 268-4147<\/p>\n<p>[\/et_pb_text][\/et_pb_column][et_pb_column type=\u00bb1_4&#8243; _builder_version=\u00bb4.7.7&#8243; _module_preset=\u00bbdefault\u00bb][et_pb_text _builder_version=\u00bb4.7.7&#8243; _module_preset=\u00bbdefault\u00bb header_text_color=\u00bb#fa5105&#8243;]<\/p>\n<h1>Guaynabo \/ Cata\u00f1o<\/h1>\n<p><strong><\/strong><strong>Tel\u00e9fono:<\/strong> (787) 773-1133<\/p>\n<p>[\/et_pb_text][et_pb_text _builder_version=\u00bb4.7.7&#8243; _module_preset=\u00bbdefault\u00bb header_text_color=\u00bb#fa5105&#8243;]<\/p>\n<h1>Vieques<\/h1>\n<p><strong><\/strong><strong>Tel\u00e9fono:<\/strong> (787) 468-2000<\/p>\n<p>[\/et_pb_text][et_pb_text _builder_version=\u00bb4.7.7&#8243; _module_preset=\u00bbdefault\u00bb header_text_color=\u00bb#fa5105&#8243;]<\/p>\n<h1>Culebras<\/h1>\n<p><strong><\/strong><strong>Tel\u00e9fono:<\/strong> (787) 468-2966<\/p>\n<p>[\/et_pb_text][\/et_pb_column][et_pb_column type=\u00bb1_2&#8243; _builder_version=\u00bb4.7.7&#8243; _module_preset=\u00bbdefault\u00bb][et_pb_text _builder_version=\u00bb4.7.7&#8243; _module_preset=\u00bbdefault\u00bb header_font=\u00bb|700|||||||\u00bb]<\/p>\n<h1>Centro de Llamadas<\/h1>\n<p><strong>Diurno<\/strong> (7 am a 5 pm): (787) 488-4171<\/p>\n<p><strong>Fuera de horas laborables<\/strong> (6 pm a 6 am):<br \/> (787) 495-0021<\/p>\n<p><strong>Personas con impedimento auditivo<\/strong> (7 am a 5 pm):<br \/> (939) 845-8488<\/p>\n<p>[\/et_pb_text][\/et_pb_column][\/et_pb_row][\/et_pb_section]<\/p>\n","protected":false},"excerpt":{"rendered":"<p>ProgramasPrograma de Salud Escolar El Programa de Salud Escolar brinda servicios a estudiantes entre las edades de 11 a 16 a\u00f1os de las escuelas Especializada Federico Asenjo y Ernesto Ramos Antonini. Ambas ubicadas en Barrio Obrero, Santurce.\u00a0 A trav\u00e9s de los servicios de pediatr\u00eda, enfermer\u00eda, salud conductual, nutrici\u00f3n y educaci\u00f3n en salud se contribuyen a [&hellip;]<\/p>\n","protected":false},"author":7,"featured_media":0,"parent":0,"menu_order":4,"comment_status":"closed","ping_status":"closed","template":"","meta":{"_et_pb_use_builder":"on","_et_pb_old_content":"","_et_gb_content_width":"","footnotes":""},"class_list":["post-8290","page","type-page","status-publish","hentry"],"yoast_head":"<!-- This site is optimized with the Yoast SEO plugin v27.4 - https:\/\/yoast.com\/product\/yoast-seo-wordpress\/ -->\n<title>Programa de Salud Escolar - HealthproMed<\/title>\n<meta name=\"robots\" content=\"index, follow, max-snippet:-1, max-image-preview:large, max-video-preview:-1\" \/>\n<link rel=\"canonical\" href=\"https:\/\/www.healthpromed.org\/en\/programa-de-salud-escolar\/\" \/>\n<meta property=\"og:locale\" content=\"en_US\" \/>\n<meta property=\"og:type\" content=\"article\" \/>\n<meta property=\"og:title\" content=\"Programa de Salud Escolar - HealthproMed\" \/>\n<meta property=\"og:description\" content=\"ProgramasPrograma de Salud Escolar El Programa de Salud Escolar brinda servicios a estudiantes entre las edades de 11 a 16 a\u00f1os de las escuelas Especializada Federico Asenjo y Ernesto Ramos Antonini. Ambas ubicadas en Barrio Obrero, Santurce.\u00a0 A trav\u00e9s de los servicios de pediatr\u00eda, enfermer\u00eda, salud conductual, nutrici\u00f3n y educaci\u00f3n en salud se contribuyen a [&hellip;]\" \/>\n<meta property=\"og:url\" content=\"https:\/\/www.healthpromed.org\/en\/programa-de-salud-escolar\/\" \/>\n<meta property=\"og:site_name\" content=\"HealthproMed\" \/>\n<meta property=\"article:publisher\" content=\"https:\/\/www.facebook.com\/HealthproMed\/\" \/>\n<meta property=\"article:modified_time\" content=\"2021-01-22T19:21:43+00:00\" \/>\n<meta name=\"twitter:card\" content=\"summary_large_image\" \/>\n<meta name=\"twitter:label1\" content=\"Est. reading time\" \/>\n\t<meta name=\"twitter:data1\" content=\"3 minutes\" \/>\n<script type=\"application\/ld+json\" class=\"yoast-schema-graph\">{\"@context\":\"https:\\\/\\\/schema.org\",\"@graph\":[{\"@type\":\"WebPage\",\"@id\":\"https:\\\/\\\/www.healthpromed.org\\\/programa-de-salud-escolar\\\/\",\"url\":\"https:\\\/\\\/www.healthpromed.org\\\/programa-de-salud-escolar\\\/\",\"name\":\"Programa de Salud Escolar - HealthproMed\",\"isPartOf\":{\"@id\":\"https:\\\/\\\/www.healthpromed.org\\\/#website\"},\"datePublished\":\"2021-01-22T19:17:04+00:00\",\"dateModified\":\"2021-01-22T19:21:43+00:00\",\"breadcrumb\":{\"@id\":\"https:\\\/\\\/www.healthpromed.org\\\/programa-de-salud-escolar\\\/#breadcrumb\"},\"inLanguage\":\"en-US\",\"potentialAction\":[{\"@type\":\"ReadAction\",\"target\":[\"https:\\\/\\\/www.healthpromed.org\\\/programa-de-salud-escolar\\\/\"]}]},{\"@type\":\"BreadcrumbList\",\"@id\":\"https:\\\/\\\/www.healthpromed.org\\\/programa-de-salud-escolar\\\/#breadcrumb\",\"itemListElement\":[{\"@type\":\"ListItem\",\"position\":1,\"name\":\"Home\",\"item\":\"https:\\\/\\\/www.healthpromed.org\\\/\"},{\"@type\":\"ListItem\",\"position\":2,\"name\":\"Programa de Salud Escolar\"}]},{\"@type\":\"WebSite\",\"@id\":\"https:\\\/\\\/www.healthpromed.org\\\/#website\",\"url\":\"https:\\\/\\\/www.healthpromed.org\\\/\",\"name\":\"HealthproMed\",\"description\":\"Aqu\u00ed Sabemos Cuidarte\",\"publisher\":{\"@id\":\"https:\\\/\\\/www.healthpromed.org\\\/#organization\"},\"potentialAction\":[{\"@type\":\"SearchAction\",\"target\":{\"@type\":\"EntryPoint\",\"urlTemplate\":\"https:\\\/\\\/www.healthpromed.org\\\/?s={search_term_string}\"},\"query-input\":{\"@type\":\"PropertyValueSpecification\",\"valueRequired\":true,\"valueName\":\"search_term_string\"}}],\"inLanguage\":\"en-US\"},{\"@type\":\"Organization\",\"@id\":\"https:\\\/\\\/www.healthpromed.org\\\/#organization\",\"name\":\"HealthproMed\",\"url\":\"https:\\\/\\\/www.healthpromed.org\\\/\",\"logo\":{\"@type\":\"ImageObject\",\"inLanguage\":\"en-US\",\"@id\":\"https:\\\/\\\/www.healthpromed.org\\\/#\\\/schema\\\/logo\\\/image\\\/\",\"url\":\"https:\\\/\\\/www.healthpromed.org\\\/wp-content\\\/uploads\\\/2020\\\/12\\\/Logo-HealthProMed-HQ.png\",\"contentUrl\":\"https:\\\/\\\/www.healthpromed.org\\\/wp-content\\\/uploads\\\/2020\\\/12\\\/Logo-HealthProMed-HQ.png\",\"width\":1952,\"height\":1565,\"caption\":\"HealthproMed\"},\"image\":{\"@id\":\"https:\\\/\\\/www.healthpromed.org\\\/#\\\/schema\\\/logo\\\/image\\\/\"},\"sameAs\":[\"https:\\\/\\\/www.facebook.com\\\/HealthproMed\\\/\",\"https:\\\/\\\/www.instagram.com\\\/healthpromed\\\/\",\"https:\\\/\\\/www.youtube.com\\\/user\\\/HEALTHPROMED\"]}]}<\/script>\n<!-- \/ Yoast SEO plugin. -->","yoast_head_json":{"title":"Programa de Salud Escolar - HealthproMed","robots":{"index":"index","follow":"follow","max-snippet":"max-snippet:-1","max-image-preview":"max-image-preview:large","max-video-preview":"max-video-preview:-1"},"canonical":"https:\/\/www.healthpromed.org\/en\/programa-de-salud-escolar\/","og_locale":"en_US","og_type":"article","og_title":"Programa de Salud Escolar - HealthproMed","og_description":"ProgramasPrograma de Salud Escolar El Programa de Salud Escolar brinda servicios a estudiantes entre las edades de 11 a 16 a\u00f1os de las escuelas Especializada Federico Asenjo y Ernesto Ramos Antonini. Ambas ubicadas en Barrio Obrero, Santurce.\u00a0 A trav\u00e9s de los servicios de pediatr\u00eda, enfermer\u00eda, salud conductual, nutrici\u00f3n y educaci\u00f3n en salud se contribuyen a [&hellip;]","og_url":"https:\/\/www.healthpromed.org\/en\/programa-de-salud-escolar\/","og_site_name":"HealthproMed","article_publisher":"https:\/\/www.facebook.com\/HealthproMed\/","article_modified_time":"2021-01-22T19:21:43+00:00","twitter_card":"summary_large_image","twitter_misc":{"Est. reading time":"3 minutes"},"schema":{"@context":"https:\/\/schema.org","@graph":[{"@type":"WebPage","@id":"https:\/\/www.healthpromed.org\/programa-de-salud-escolar\/","url":"https:\/\/www.healthpromed.org\/programa-de-salud-escolar\/","name":"Programa de Salud Escolar - HealthproMed","isPartOf":{"@id":"https:\/\/www.healthpromed.org\/#website"},"datePublished":"2021-01-22T19:17:04+00:00","dateModified":"2021-01-22T19:21:43+00:00","breadcrumb":{"@id":"https:\/\/www.healthpromed.org\/programa-de-salud-escolar\/#breadcrumb"},"inLanguage":"en-US","potentialAction":[{"@type":"ReadAction","target":["https:\/\/www.healthpromed.org\/programa-de-salud-escolar\/"]}]},{"@type":"BreadcrumbList","@id":"https:\/\/www.healthpromed.org\/programa-de-salud-escolar\/#breadcrumb","itemListElement":[{"@type":"ListItem","position":1,"name":"Home","item":"https:\/\/www.healthpromed.org\/"},{"@type":"ListItem","position":2,"name":"Programa de Salud Escolar"}]},{"@type":"WebSite","@id":"https:\/\/www.healthpromed.org\/#website","url":"https:\/\/www.healthpromed.org\/","name":"HealthproMed","description":"Aqu\u00ed Sabemos Cuidarte","publisher":{"@id":"https:\/\/www.healthpromed.org\/#organization"},"potentialAction":[{"@type":"SearchAction","target":{"@type":"EntryPoint","urlTemplate":"https:\/\/www.healthpromed.org\/?s={search_term_string}"},"query-input":{"@type":"PropertyValueSpecification","valueRequired":true,"valueName":"search_term_string"}}],"inLanguage":"en-US"},{"@type":"Organization","@id":"https:\/\/www.healthpromed.org\/#organization","name":"HealthproMed","url":"https:\/\/www.healthpromed.org\/","logo":{"@type":"ImageObject","inLanguage":"en-US","@id":"https:\/\/www.healthpromed.org\/#\/schema\/logo\/image\/","url":"https:\/\/www.healthpromed.org\/wp-content\/uploads\/2020\/12\/Logo-HealthProMed-HQ.png","contentUrl":"https:\/\/www.healthpromed.org\/wp-content\/uploads\/2020\/12\/Logo-HealthProMed-HQ.png","width":1952,"height":1565,"caption":"HealthproMed"},"image":{"@id":"https:\/\/www.healthpromed.org\/#\/schema\/logo\/image\/"},"sameAs":["https:\/\/www.facebook.com\/HealthproMed\/","https:\/\/www.instagram.com\/healthpromed\/","https:\/\/www.youtube.com\/user\/HEALTHPROMED"]}]}},"_links":{"self":[{"href":"https:\/\/www.healthpromed.org\/en\/wp-json\/wp\/v2\/pages\/8290","targetHints":{"allow":["GET"]}}],"collection":[{"href":"https:\/\/www.healthpromed.org\/en\/wp-json\/wp\/v2\/pages"}],"about":[{"href":"https:\/\/www.healthpromed.org\/en\/wp-json\/wp\/v2\/types\/page"}],"author":[{"embeddable":true,"href":"https:\/\/www.healthpromed.org\/en\/wp-json\/wp\/v2\/users\/7"}],"replies":[{"embeddable":true,"href":"https:\/\/www.healthpromed.org\/en\/wp-json\/wp\/v2\/comments?post=8290"}],"version-history":[{"count":3,"href":"https:\/\/www.healthpromed.org\/en\/wp-json\/wp\/v2\/pages\/8290\/revisions"}],"predecessor-version":[{"id":8300,"href":"https:\/\/www.healthpromed.org\/en\/wp-json\/wp\/v2\/pages\/8290\/revisions\/8300"}],"wp:attachment":[{"href":"https:\/\/www.healthpromed.org\/en\/wp-json\/wp\/v2\/media?parent=8290"}],"curies":[{"name":"wp","href":"https:\/\/api.w.org\/{rel}","templated":true}]}}