{"id":8282,"date":"2021-01-21T14:08:01","date_gmt":"2021-01-21T18:08:01","guid":{"rendered":"https:\/\/www.healthpromed.org\/?page_id=8282"},"modified":"2021-01-21T14:08:01","modified_gmt":"2021-01-21T18:08:01","slug":"programa-relaciones","status":"publish","type":"page","link":"https:\/\/www.healthpromed.org\/en\/programa-relaciones\/","title":{"rendered":"Programa Relaciones"},"content":{"rendered":"<p>[et_pb_section fb_built=\u00bb1&#8243; _builder_version=\u00bb4.7.7&#8243; _module_preset=\u00bbdefault\u00bb custom_padding=\u00bb31px|||||\u00bb text_font_size_phone=\u00bb12px\u00bb text_font_size_last_edited=\u00bbon|phone\u00bb header_font_size_phone=\u00bb21px\u00bb header_font_size_last_edited=\u00bbon|phone\u00bb][et_pb_row module_id=\u00bbprogramas\u00bb _builder_version=\u00bb4.7.7&#8243; _module_preset=\u00bbdefault\u00bb][et_pb_column type=\u00bb4_4&#8243; _builder_version=\u00bb4.7.7&#8243; _module_preset=\u00bbdefault\u00bb][et_pb_text _builder_version=\u00bb4.7.7&#8243; _module_preset=\u00bbdefault\u00bb header_font=\u00bb|700||on|||||\u00bb header_text_color=\u00bb#017087&#8243; header_font_size=\u00bb40px\u00bb header_font_size_tablet=\u00bb\u00bb header_font_size_phone=\u00bb30px\u00bb header_font_size_last_edited=\u00bbon|phone\u00bb]<\/p>\n<h1>Programas<\/h1>\n<p>[\/et_pb_text][et_pb_text _builder_version=\u00bb4.7.7&#8243; _module_preset=\u00bbdefault\u00bb header_text_color=\u00bb#fa5105&#8243; text_font_size_tablet=\u00bb\u00bb text_font_size_phone=\u00bb12px\u00bb text_font_size_last_edited=\u00bbon|phone\u00bb header_font_size_tablet=\u00bb\u00bb header_font_size_phone=\u00bb21px\u00bb header_font_size_last_edited=\u00bbon|phone\u00bb]<\/p>\n<h1>Programa Relaciones con la Comunidad<\/h1>\n<p>Desarrolla e implementa programas y actividades que redunden en un impacto positivo para la comunidad. Asumiendo objetivos comunes y desarrollando actividades desde un enfoque interdisciplinario, con \u00e9nfasis en el individuo, familia y comunidad. Fomentando la prevenci\u00f3n y educaci\u00f3n en salud, aunando esfuerzos y promoviendo las relaciones intersectoriales entre la organizaci\u00f3n y grupos como: l\u00edderes comunitarios, agencias gubernamentales, organizaciones sin fines de lucro, privadas. instituciones educativas, entre otros. Adem\u00e1s, a trav\u00e9s del Alcance Comunitario y Programa de Descuento se garantiza accesibilidad a servicios de salud primarios a personas sin seguro m\u00e9dico o cubierta limitada sin importar su capacidad de pago.<\/p>\n<p>[\/et_pb_text][\/et_pb_column][\/et_pb_row][\/et_pb_section][et_pb_section fb_built=\u00bb1&#8243; _builder_version=\u00bb4.7.7&#8243; _module_preset=\u00bbdefault\u00bb custom_padding=\u00bb15px||15px||true|false\u00bb top_divider_style=\u00bbasymmetric4&#8243; top_divider_color=\u00bb#017087&#8243; top_divider_height=\u00bb20px\u00bb bottom_divider_style=\u00bbasymmetric4&#8243; bottom_divider_color=\u00bb#017087&#8243; bottom_divider_height=\u00bb20px\u00bb bottom_divider_flip=\u00bbvertical\u00bb border_width_top=\u00bb5px\u00bb border_color_top=\u00bb#017087&#8243; border_width_bottom=\u00bb5px\u00bb border_color_bottom=\u00bb#017087&#8243; global_module=\u00bb7783&#8243; saved_tabs=\u00bball\u00bb][et_pb_row column_structure=\u00bb1_4,1_4,1_2&#8243; _builder_version=\u00bb4.7.7&#8243; _module_preset=\u00bbdefault\u00bb custom_margin=\u00bb20px||20px||true|false\u00bb custom_padding=\u00bb9px||18px|||\u00bb][et_pb_column type=\u00bb1_4&#8243; _builder_version=\u00bb4.7.7&#8243; _module_preset=\u00bbdefault\u00bb][et_pb_text _builder_version=\u00bb4.7.7&#8243; _module_preset=\u00bbdefault\u00bb header_font=\u00bb|700||on|||||\u00bb]<\/p>\n<h1>Tel\u00e9fonos<\/h1>\n<p>[\/et_pb_text][et_pb_text _builder_version=\u00bb4.7.7&#8243; _module_preset=\u00bbdefault\u00bb header_text_color=\u00bb#fa5105&#8243;]<\/p>\n<h1>San Juan<\/h1>\n<p><strong>Tel\u00e9fono:<\/strong> (787) 488-4171<\/p>\n<p>[\/et_pb_text][et_pb_text _builder_version=\u00bb4.7.7&#8243; _module_preset=\u00bbdefault\u00bb header_text_color=\u00bb#fa5105&#8243;]<\/p>\n<h1>Carolina<\/h1>\n<p><strong><\/strong><strong>Tel\u00e9fono:<\/strong> (787) 268-4147<\/p>\n<p>[\/et_pb_text][\/et_pb_column][et_pb_column type=\u00bb1_4&#8243; _builder_version=\u00bb4.7.7&#8243; _module_preset=\u00bbdefault\u00bb][et_pb_text _builder_version=\u00bb4.7.7&#8243; _module_preset=\u00bbdefault\u00bb header_text_color=\u00bb#fa5105&#8243;]<\/p>\n<h1>Guaynabo \/ Cata\u00f1o<\/h1>\n<p><strong><\/strong><strong>Tel\u00e9fono:<\/strong> (787) 773-1133<\/p>\n<p>[\/et_pb_text][et_pb_text _builder_version=\u00bb4.7.7&#8243; _module_preset=\u00bbdefault\u00bb header_text_color=\u00bb#fa5105&#8243;]<\/p>\n<h1>Vieques<\/h1>\n<p><strong><\/strong><strong>Tel\u00e9fono:<\/strong> (787) 468-2000<\/p>\n<p>[\/et_pb_text][et_pb_text _builder_version=\u00bb4.7.7&#8243; _module_preset=\u00bbdefault\u00bb header_text_color=\u00bb#fa5105&#8243;]<\/p>\n<h1>Culebras<\/h1>\n<p><strong><\/strong><strong>Tel\u00e9fono:<\/strong> (787) 468-2966<\/p>\n<p>[\/et_pb_text][\/et_pb_column][et_pb_column type=\u00bb1_2&#8243; _builder_version=\u00bb4.7.7&#8243; _module_preset=\u00bbdefault\u00bb][et_pb_text _builder_version=\u00bb4.7.7&#8243; _module_preset=\u00bbdefault\u00bb header_font=\u00bb|700|||||||\u00bb]<\/p>\n<h1>Centro de Llamadas<\/h1>\n<p><strong>Diurno<\/strong> (7 am a 5 pm): (787) 488-4171<\/p>\n<p><strong>Fuera de horas laborables<\/strong> (6 pm a 6 am):<br \/> (787) 495-0021<\/p>\n<p><strong>Personas con impedimento auditivo<\/strong> (7 am a 5 pm):<br \/> (939) 845-8488<\/p>\n<p>[\/et_pb_text][\/et_pb_column][\/et_pb_row][\/et_pb_section]<\/p>\n","protected":false},"excerpt":{"rendered":"<p>ProgramasPrograma Relaciones con la Comunidad Desarrolla e implementa programas y actividades que redunden en un impacto positivo para la comunidad. Asumiendo objetivos comunes y desarrollando actividades desde un enfoque interdisciplinario, con \u00e9nfasis en el individuo, familia y comunidad. Fomentando la prevenci\u00f3n y educaci\u00f3n en salud, aunando esfuerzos y promoviendo las relaciones intersectoriales entre la organizaci\u00f3n [&hellip;]<\/p>\n","protected":false},"author":7,"featured_media":0,"parent":0,"menu_order":4,"comment_status":"closed","ping_status":"closed","template":"","meta":{"_et_pb_use_builder":"on","_et_pb_old_content":"","_et_gb_content_width":"","footnotes":""},"class_list":["post-8282","page","type-page","status-publish","hentry"],"yoast_head":"<!-- This site is optimized with the Yoast SEO plugin v27.4 - https:\/\/yoast.com\/product\/yoast-seo-wordpress\/ -->\n<title>Programa Relaciones - HealthproMed<\/title>\n<meta name=\"robots\" content=\"index, follow, max-snippet:-1, max-image-preview:large, max-video-preview:-1\" \/>\n<link rel=\"canonical\" href=\"https:\/\/www.healthpromed.org\/en\/programa-relaciones\/\" \/>\n<meta property=\"og:locale\" content=\"en_US\" \/>\n<meta property=\"og:type\" content=\"article\" \/>\n<meta property=\"og:title\" content=\"Programa Relaciones - HealthproMed\" \/>\n<meta property=\"og:description\" content=\"ProgramasPrograma Relaciones con la Comunidad Desarrolla e implementa programas y actividades que redunden en un impacto positivo para la comunidad. Asumiendo objetivos comunes y desarrollando actividades desde un enfoque interdisciplinario, con \u00e9nfasis en el individuo, familia y comunidad. Fomentando la prevenci\u00f3n y educaci\u00f3n en salud, aunando esfuerzos y promoviendo las relaciones intersectoriales entre la organizaci\u00f3n [&hellip;]\" \/>\n<meta property=\"og:url\" content=\"https:\/\/www.healthpromed.org\/en\/programa-relaciones\/\" \/>\n<meta property=\"og:site_name\" content=\"HealthproMed\" \/>\n<meta property=\"article:publisher\" content=\"https:\/\/www.facebook.com\/HealthproMed\/\" \/>\n<meta name=\"twitter:card\" content=\"summary_large_image\" \/>\n<meta name=\"twitter:label1\" content=\"Est. reading time\" \/>\n\t<meta name=\"twitter:data1\" content=\"3 minutes\" \/>\n<script type=\"application\/ld+json\" class=\"yoast-schema-graph\">{\"@context\":\"https:\\\/\\\/schema.org\",\"@graph\":[{\"@type\":\"WebPage\",\"@id\":\"https:\\\/\\\/www.healthpromed.org\\\/programa-relaciones\\\/\",\"url\":\"https:\\\/\\\/www.healthpromed.org\\\/programa-relaciones\\\/\",\"name\":\"Programa Relaciones - HealthproMed\",\"isPartOf\":{\"@id\":\"https:\\\/\\\/www.healthpromed.org\\\/#website\"},\"datePublished\":\"2021-01-21T18:08:01+00:00\",\"breadcrumb\":{\"@id\":\"https:\\\/\\\/www.healthpromed.org\\\/programa-relaciones\\\/#breadcrumb\"},\"inLanguage\":\"en-US\",\"potentialAction\":[{\"@type\":\"ReadAction\",\"target\":[\"https:\\\/\\\/www.healthpromed.org\\\/programa-relaciones\\\/\"]}]},{\"@type\":\"BreadcrumbList\",\"@id\":\"https:\\\/\\\/www.healthpromed.org\\\/programa-relaciones\\\/#breadcrumb\",\"itemListElement\":[{\"@type\":\"ListItem\",\"position\":1,\"name\":\"Home\",\"item\":\"https:\\\/\\\/www.healthpromed.org\\\/\"},{\"@type\":\"ListItem\",\"position\":2,\"name\":\"Programa Relaciones\"}]},{\"@type\":\"WebSite\",\"@id\":\"https:\\\/\\\/www.healthpromed.org\\\/#website\",\"url\":\"https:\\\/\\\/www.healthpromed.org\\\/\",\"name\":\"HealthproMed\",\"description\":\"Aqu\u00ed Sabemos Cuidarte\",\"publisher\":{\"@id\":\"https:\\\/\\\/www.healthpromed.org\\\/#organization\"},\"potentialAction\":[{\"@type\":\"SearchAction\",\"target\":{\"@type\":\"EntryPoint\",\"urlTemplate\":\"https:\\\/\\\/www.healthpromed.org\\\/?s={search_term_string}\"},\"query-input\":{\"@type\":\"PropertyValueSpecification\",\"valueRequired\":true,\"valueName\":\"search_term_string\"}}],\"inLanguage\":\"en-US\"},{\"@type\":\"Organization\",\"@id\":\"https:\\\/\\\/www.healthpromed.org\\\/#organization\",\"name\":\"HealthproMed\",\"url\":\"https:\\\/\\\/www.healthpromed.org\\\/\",\"logo\":{\"@type\":\"ImageObject\",\"inLanguage\":\"en-US\",\"@id\":\"https:\\\/\\\/www.healthpromed.org\\\/#\\\/schema\\\/logo\\\/image\\\/\",\"url\":\"https:\\\/\\\/www.healthpromed.org\\\/wp-content\\\/uploads\\\/2020\\\/12\\\/Logo-HealthProMed-HQ.png\",\"contentUrl\":\"https:\\\/\\\/www.healthpromed.org\\\/wp-content\\\/uploads\\\/2020\\\/12\\\/Logo-HealthProMed-HQ.png\",\"width\":1952,\"height\":1565,\"caption\":\"HealthproMed\"},\"image\":{\"@id\":\"https:\\\/\\\/www.healthpromed.org\\\/#\\\/schema\\\/logo\\\/image\\\/\"},\"sameAs\":[\"https:\\\/\\\/www.facebook.com\\\/HealthproMed\\\/\",\"https:\\\/\\\/www.instagram.com\\\/healthpromed\\\/\",\"https:\\\/\\\/www.youtube.com\\\/user\\\/HEALTHPROMED\"]}]}<\/script>\n<!-- \/ Yoast SEO plugin. -->","yoast_head_json":{"title":"Programa Relaciones - HealthproMed","robots":{"index":"index","follow":"follow","max-snippet":"max-snippet:-1","max-image-preview":"max-image-preview:large","max-video-preview":"max-video-preview:-1"},"canonical":"https:\/\/www.healthpromed.org\/en\/programa-relaciones\/","og_locale":"en_US","og_type":"article","og_title":"Programa Relaciones - HealthproMed","og_description":"ProgramasPrograma Relaciones con la Comunidad Desarrolla e implementa programas y actividades que redunden en un impacto positivo para la comunidad. Asumiendo objetivos comunes y desarrollando actividades desde un enfoque interdisciplinario, con \u00e9nfasis en el individuo, familia y comunidad. Fomentando la prevenci\u00f3n y educaci\u00f3n en salud, aunando esfuerzos y promoviendo las relaciones intersectoriales entre la organizaci\u00f3n [&hellip;]","og_url":"https:\/\/www.healthpromed.org\/en\/programa-relaciones\/","og_site_name":"HealthproMed","article_publisher":"https:\/\/www.facebook.com\/HealthproMed\/","twitter_card":"summary_large_image","twitter_misc":{"Est. reading time":"3 minutes"},"schema":{"@context":"https:\/\/schema.org","@graph":[{"@type":"WebPage","@id":"https:\/\/www.healthpromed.org\/programa-relaciones\/","url":"https:\/\/www.healthpromed.org\/programa-relaciones\/","name":"Programa Relaciones - HealthproMed","isPartOf":{"@id":"https:\/\/www.healthpromed.org\/#website"},"datePublished":"2021-01-21T18:08:01+00:00","breadcrumb":{"@id":"https:\/\/www.healthpromed.org\/programa-relaciones\/#breadcrumb"},"inLanguage":"en-US","potentialAction":[{"@type":"ReadAction","target":["https:\/\/www.healthpromed.org\/programa-relaciones\/"]}]},{"@type":"BreadcrumbList","@id":"https:\/\/www.healthpromed.org\/programa-relaciones\/#breadcrumb","itemListElement":[{"@type":"ListItem","position":1,"name":"Home","item":"https:\/\/www.healthpromed.org\/"},{"@type":"ListItem","position":2,"name":"Programa Relaciones"}]},{"@type":"WebSite","@id":"https:\/\/www.healthpromed.org\/#website","url":"https:\/\/www.healthpromed.org\/","name":"HealthproMed","description":"Aqu\u00ed Sabemos Cuidarte","publisher":{"@id":"https:\/\/www.healthpromed.org\/#organization"},"potentialAction":[{"@type":"SearchAction","target":{"@type":"EntryPoint","urlTemplate":"https:\/\/www.healthpromed.org\/?s={search_term_string}"},"query-input":{"@type":"PropertyValueSpecification","valueRequired":true,"valueName":"search_term_string"}}],"inLanguage":"en-US"},{"@type":"Organization","@id":"https:\/\/www.healthpromed.org\/#organization","name":"HealthproMed","url":"https:\/\/www.healthpromed.org\/","logo":{"@type":"ImageObject","inLanguage":"en-US","@id":"https:\/\/www.healthpromed.org\/#\/schema\/logo\/image\/","url":"https:\/\/www.healthpromed.org\/wp-content\/uploads\/2020\/12\/Logo-HealthProMed-HQ.png","contentUrl":"https:\/\/www.healthpromed.org\/wp-content\/uploads\/2020\/12\/Logo-HealthProMed-HQ.png","width":1952,"height":1565,"caption":"HealthproMed"},"image":{"@id":"https:\/\/www.healthpromed.org\/#\/schema\/logo\/image\/"},"sameAs":["https:\/\/www.facebook.com\/HealthproMed\/","https:\/\/www.instagram.com\/healthpromed\/","https:\/\/www.youtube.com\/user\/HEALTHPROMED"]}]}},"_links":{"self":[{"href":"https:\/\/www.healthpromed.org\/en\/wp-json\/wp\/v2\/pages\/8282","targetHints":{"allow":["GET"]}}],"collection":[{"href":"https:\/\/www.healthpromed.org\/en\/wp-json\/wp\/v2\/pages"}],"about":[{"href":"https:\/\/www.healthpromed.org\/en\/wp-json\/wp\/v2\/types\/page"}],"author":[{"embeddable":true,"href":"https:\/\/www.healthpromed.org\/en\/wp-json\/wp\/v2\/users\/7"}],"replies":[{"embeddable":true,"href":"https:\/\/www.healthpromed.org\/en\/wp-json\/wp\/v2\/comments?post=8282"}],"version-history":[{"count":2,"href":"https:\/\/www.healthpromed.org\/en\/wp-json\/wp\/v2\/pages\/8282\/revisions"}],"predecessor-version":[{"id":8285,"href":"https:\/\/www.healthpromed.org\/en\/wp-json\/wp\/v2\/pages\/8282\/revisions\/8285"}],"wp:attachment":[{"href":"https:\/\/www.healthpromed.org\/en\/wp-json\/wp\/v2\/media?parent=8282"}],"curies":[{"name":"wp","href":"https:\/\/api.w.org\/{rel}","templated":true}]}}